{"id":41,"date":"2024-12-11T12:37:58","date_gmt":"2024-12-11T12:37:58","guid":{"rendered":"https:\/\/dobrobit-govedi.holstein.si\/?page_id=41"},"modified":"2025-01-13T08:06:07","modified_gmt":"2025-01-13T08:06:07","slug":"rezultati","status":"publish","type":"page","link":"https:\/\/dobrobit-govedi.holstein.si\/index.php\/rezultati\/","title":{"rendered":"REZULTATI"},"content":{"rendered":"\n<p class=\"has-text-align-center has-content-heading-font-size\"><strong>E-PRIRO\u010cNIK ZA REJCE<\/strong><\/p>\n\n\n\n<div data-wp-interactive=\"core\/file\" class=\"wp-block-file\"><object data-wp-bind--hidden=\"!state.hasPdfPreview\" hidden class=\"wp-block-file__embed\" data=\"https:\/\/dobrobit-govedi.holstein.si\/wp-content\/uploads\/2025\/01\/Prirocnik_DOBROBIT.pdf\" type=\"application\/pdf\" style=\"width:100%;height:600px\" aria-label=\"Embed of Priro\u010dnik_DOBROBIT.\"><\/object><a id=\"wp-block-file--media-8dce82c7-5295-4082-9db4-dd79db89d03a\" href=\"https:\/\/dobrobit-govedi.holstein.si\/wp-content\/uploads\/2025\/01\/Prirocnik_DOBROBIT.pdf\">Priro\u010dnik_DOBROBIT<\/a><a href=\"https:\/\/dobrobit-govedi.holstein.si\/wp-content\/uploads\/2025\/01\/Prirocnik_DOBROBIT.pdf\" class=\"wp-block-file__button wp-element-button\" download aria-describedby=\"wp-block-file--media-8dce82c7-5295-4082-9db4-dd79db89d03a\">Download<\/a><\/div>\n\n\n\n<p class=\"has-text-align-center has-large-font-size\"><strong>Objava na radiu Sora<\/strong><\/p>\n\n\n\n<figure class=\"wp-block-image aligncenter size-full\"><img decoding=\"async\" src=\"https:\/\/krmainbiodiverziteta.holstein.si\/wp-content\/uploads\/2024\/12\/image-1.png\" alt=\"\" class=\"wp-image-114\"\/><\/figure>\n\n\n\n<figure class=\"wp-block-audio\"><audio controls src=\"https:\/\/dobrobit-govedi.holstein.si\/wp-content\/uploads\/2025\/01\/Radio-Sora-EIP-DOBROBIT-8_12_2024.mp3\"><\/audio><\/figure>\n\n\n\n<p class=\"has-text-align-center\" style=\"font-size:30px\"><strong>32. Zadrav\u010devi Erjav\u010devi dnevi<\/strong><\/p>\n\n\n\n<p style=\"font-size:20px\"><strong>32. mednarodno znanstveno posvetovanje o prehrani doma\u010dih \u017eivali<\/strong> je potekalo 13. in 14. novembra 2024 v Radencih. V okviru dogodka sta bila predstavljena tudi \u010dlanka, pripravljena v sklopu tega projekta.<\/p>\n\n\n\n<div class=\"wp-block-columns is-layout-flex wp-container-core-columns-is-layout-28f84493 wp-block-columns-is-layout-flex\">\n<div class=\"wp-block-column is-layout-flow wp-block-column-is-layout-flow\">\n<div data-wp-interactive=\"core\/file\" class=\"wp-block-file\"><object data-wp-bind--hidden=\"!state.hasPdfPreview\" hidden class=\"wp-block-file__embed\" data=\"https:\/\/dobrobit-govedi.holstein.si\/wp-content\/uploads\/2024\/12\/ZED_2024_Nemec.pdf\" type=\"application\/pdf\" style=\"width:100%;height:600px\" aria-label=\"Embed of ZED_2024_Nemec.\"><\/object><a id=\"wp-block-file--media-7812c431-895b-47a8-ae35-d983ae7aca32\" href=\"https:\/\/dobrobit-govedi.holstein.si\/wp-content\/uploads\/2024\/12\/ZED_2024_Nemec.pdf\">ZED_2024_Nemec<\/a><a href=\"https:\/\/dobrobit-govedi.holstein.si\/wp-content\/uploads\/2024\/12\/ZED_2024_Nemec.pdf\" class=\"wp-block-file__button wp-element-button\" download aria-describedby=\"wp-block-file--media-7812c431-895b-47a8-ae35-d983ae7aca32\">Download<\/a><\/div>\n<\/div>\n\n\n\n<div class=\"wp-block-column is-layout-flow wp-block-column-is-layout-flow\">\n<div data-wp-interactive=\"core\/file\" class=\"wp-block-file\"><object data-wp-bind--hidden=\"!state.hasPdfPreview\" hidden class=\"wp-block-file__embed\" data=\"https:\/\/dobrobit-govedi.holstein.si\/wp-content\/uploads\/2024\/12\/ZED_2024_Percic.pdf\" type=\"application\/pdf\" style=\"width:100%;height:600px\" aria-label=\"Embed of ZED_2024_Per\u010di\u010d.\"><\/object><a id=\"wp-block-file--media-a5902212-7e6f-444a-a7f8-e83654c7d2f4\" href=\"https:\/\/dobrobit-govedi.holstein.si\/wp-content\/uploads\/2024\/12\/ZED_2024_Percic.pdf\">ZED_2024_Per\u010di\u010d<\/a><a href=\"https:\/\/dobrobit-govedi.holstein.si\/wp-content\/uploads\/2024\/12\/ZED_2024_Percic.pdf\" class=\"wp-block-file__button wp-element-button\" download aria-describedby=\"wp-block-file--media-a5902212-7e6f-444a-a7f8-e83654c7d2f4\">Download<\/a><\/div>\n<\/div>\n<\/div>\n\n\n\n<div style=\"height:100px\" aria-hidden=\"true\" class=\"wp-block-spacer\"><\/div>\n\n\n\n<p class=\"has-text-align-center\" style=\"font-size:30px\"><strong>OBJAVA V KME\u010cKEM GLASU<\/strong><\/p>\n\n\n\n<p class=\"has-text-align-center\">11.12.2024 \/ \u0160TEVILKA 50 \/ STRAN 32<\/p>\n\n\n\n<div data-wp-interactive=\"core\/file\" class=\"wp-block-file\"><object data-wp-bind--hidden=\"!state.hasPdfPreview\" hidden class=\"wp-block-file__embed\" data=\"https:\/\/dobrobit-govedi.holstein.si\/wp-content\/uploads\/2024\/12\/dobrobit.pdf\" type=\"application\/pdf\" style=\"width:100%;height:600px\" aria-label=\"Embed of dobrobit.\"><\/object><a id=\"wp-block-file--media-37702ed5-016c-4048-b65a-33542ecdd896\" href=\"https:\/\/dobrobit-govedi.holstein.si\/wp-content\/uploads\/2024\/12\/dobrobit.pdf\">dobrobit<\/a><a href=\"https:\/\/dobrobit-govedi.holstein.si\/wp-content\/uploads\/2024\/12\/dobrobit.pdf\" class=\"wp-block-file__button wp-element-button\" download aria-describedby=\"wp-block-file--media-37702ed5-016c-4048-b65a-33542ecdd896\">Download<\/a><\/div>\n","protected":false},"excerpt":{"rendered":"<p>E-PRIRO\u010cNIK ZA REJCE Objava na radiu Sora 32. Zadrav\u010devi Erjav\u010devi dnevi 32. mednarodno znanstveno posvetovanje o prehrani doma\u010dih \u017eivali je potekalo 13. in 14. novembra 2024 v Radencih. V okviru [&hellip;]<\/p>\n","protected":false},"author":1,"featured_media":0,"parent":0,"menu_order":0,"comment_status":"closed","ping_status":"closed","template":"","meta":{"footnotes":""},"class_list":["post-41","page","type-page","status-publish","hentry"],"yoast_head":"<!-- This site is optimized with the Yoast SEO plugin v24.0 - https:\/\/yoast.com\/wordpress\/plugins\/seo\/ -->\n<title>REZULTATI - Dobrobit, toplogredni plini in krma za \u017eivali<\/title>\n<meta name=\"robots\" content=\"index, follow, max-snippet:-1, max-image-preview:large, max-video-preview:-1\" \/>\n<link rel=\"canonical\" href=\"https:\/\/dobrobit-govedi.holstein.si\/index.php\/rezultati\/\" \/>\n<meta property=\"og:locale\" content=\"en_US\" \/>\n<meta property=\"og:type\" content=\"article\" \/>\n<meta property=\"og:title\" content=\"REZULTATI - Dobrobit, toplogredni plini in krma za \u017eivali\" \/>\n<meta property=\"og:description\" content=\"E-PRIRO\u010cNIK ZA REJCE Objava na radiu Sora 32. Zadrav\u010devi Erjav\u010devi dnevi 32. mednarodno znanstveno posvetovanje o prehrani doma\u010dih \u017eivali je potekalo 13. in 14. novembra 2024 v Radencih. V okviru [&hellip;]\" \/>\n<meta property=\"og:url\" content=\"https:\/\/dobrobit-govedi.holstein.si\/index.php\/rezultati\/\" \/>\n<meta property=\"og:site_name\" content=\"Dobrobit, toplogredni plini in krma za \u017eivali\" \/>\n<meta property=\"article:modified_time\" content=\"2025-01-13T08:06:07+00:00\" \/>\n<meta name=\"twitter:card\" content=\"summary_large_image\" \/>\n<meta name=\"twitter:label1\" content=\"Est. reading time\" \/>\n\t<meta name=\"twitter:data1\" content=\"1 minute\" \/>\n<script type=\"application\/ld+json\" class=\"yoast-schema-graph\">{\"@context\":\"https:\/\/schema.org\",\"@graph\":[{\"@type\":\"WebPage\",\"@id\":\"https:\/\/dobrobit-govedi.holstein.si\/index.php\/rezultati\/\",\"url\":\"https:\/\/dobrobit-govedi.holstein.si\/index.php\/rezultati\/\",\"name\":\"REZULTATI - Dobrobit, toplogredni plini in krma za \u017eivali\",\"isPartOf\":{\"@id\":\"https:\/\/dobrobit-govedi.holstein.si\/#website\"},\"primaryImageOfPage\":{\"@id\":\"https:\/\/dobrobit-govedi.holstein.si\/index.php\/rezultati\/#primaryimage\"},\"image\":{\"@id\":\"https:\/\/dobrobit-govedi.holstein.si\/index.php\/rezultati\/#primaryimage\"},\"thumbnailUrl\":\"https:\/\/krmainbiodiverziteta.holstein.si\/wp-content\/uploads\/2024\/12\/image-1.png\",\"datePublished\":\"2024-12-11T12:37:58+00:00\",\"dateModified\":\"2025-01-13T08:06:07+00:00\",\"breadcrumb\":{\"@id\":\"https:\/\/dobrobit-govedi.holstein.si\/index.php\/rezultati\/#breadcrumb\"},\"inLanguage\":\"en-US\",\"potentialAction\":[{\"@type\":\"ReadAction\",\"target\":[\"https:\/\/dobrobit-govedi.holstein.si\/index.php\/rezultati\/\"]}]},{\"@type\":\"ImageObject\",\"inLanguage\":\"en-US\",\"@id\":\"https:\/\/dobrobit-govedi.holstein.si\/index.php\/rezultati\/#primaryimage\",\"url\":\"https:\/\/krmainbiodiverziteta.holstein.si\/wp-content\/uploads\/2024\/12\/image-1.png\",\"contentUrl\":\"https:\/\/krmainbiodiverziteta.holstein.si\/wp-content\/uploads\/2024\/12\/image-1.png\"},{\"@type\":\"BreadcrumbList\",\"@id\":\"https:\/\/dobrobit-govedi.holstein.si\/index.php\/rezultati\/#breadcrumb\",\"itemListElement\":[{\"@type\":\"ListItem\",\"position\":1,\"name\":\"Home\",\"item\":\"https:\/\/dobrobit-govedi.holstein.si\/\"},{\"@type\":\"ListItem\",\"position\":2,\"name\":\"REZULTATI\"}]},{\"@type\":\"WebSite\",\"@id\":\"https:\/\/dobrobit-govedi.holstein.si\/#website\",\"url\":\"https:\/\/dobrobit-govedi.holstein.si\/\",\"name\":\"Dobrobit, toplogredni plini in krma za \u017eivali\",\"description\":\"\",\"potentialAction\":[{\"@type\":\"SearchAction\",\"target\":{\"@type\":\"EntryPoint\",\"urlTemplate\":\"https:\/\/dobrobit-govedi.holstein.si\/?s={search_term_string}\"},\"query-input\":{\"@type\":\"PropertyValueSpecification\",\"valueRequired\":true,\"valueName\":\"search_term_string\"}}],\"inLanguage\":\"en-US\"}]}<\/script>\n<!-- \/ Yoast SEO plugin. -->","yoast_head_json":{"title":"REZULTATI - Dobrobit, toplogredni plini in krma za \u017eivali","robots":{"index":"index","follow":"follow","max-snippet":"max-snippet:-1","max-image-preview":"max-image-preview:large","max-video-preview":"max-video-preview:-1"},"canonical":"https:\/\/dobrobit-govedi.holstein.si\/index.php\/rezultati\/","og_locale":"en_US","og_type":"article","og_title":"REZULTATI - Dobrobit, toplogredni plini in krma za \u017eivali","og_description":"E-PRIRO\u010cNIK ZA REJCE Objava na radiu Sora 32. Zadrav\u010devi Erjav\u010devi dnevi 32. mednarodno znanstveno posvetovanje o prehrani doma\u010dih \u017eivali je potekalo 13. in 14. novembra 2024 v Radencih. V okviru [&hellip;]","og_url":"https:\/\/dobrobit-govedi.holstein.si\/index.php\/rezultati\/","og_site_name":"Dobrobit, toplogredni plini in krma za \u017eivali","article_modified_time":"2025-01-13T08:06:07+00:00","twitter_card":"summary_large_image","twitter_misc":{"Est. reading time":"1 minute"},"schema":{"@context":"https:\/\/schema.org","@graph":[{"@type":"WebPage","@id":"https:\/\/dobrobit-govedi.holstein.si\/index.php\/rezultati\/","url":"https:\/\/dobrobit-govedi.holstein.si\/index.php\/rezultati\/","name":"REZULTATI - Dobrobit, toplogredni plini in krma za \u017eivali","isPartOf":{"@id":"https:\/\/dobrobit-govedi.holstein.si\/#website"},"primaryImageOfPage":{"@id":"https:\/\/dobrobit-govedi.holstein.si\/index.php\/rezultati\/#primaryimage"},"image":{"@id":"https:\/\/dobrobit-govedi.holstein.si\/index.php\/rezultati\/#primaryimage"},"thumbnailUrl":"https:\/\/krmainbiodiverziteta.holstein.si\/wp-content\/uploads\/2024\/12\/image-1.png","datePublished":"2024-12-11T12:37:58+00:00","dateModified":"2025-01-13T08:06:07+00:00","breadcrumb":{"@id":"https:\/\/dobrobit-govedi.holstein.si\/index.php\/rezultati\/#breadcrumb"},"inLanguage":"en-US","potentialAction":[{"@type":"ReadAction","target":["https:\/\/dobrobit-govedi.holstein.si\/index.php\/rezultati\/"]}]},{"@type":"ImageObject","inLanguage":"en-US","@id":"https:\/\/dobrobit-govedi.holstein.si\/index.php\/rezultati\/#primaryimage","url":"https:\/\/krmainbiodiverziteta.holstein.si\/wp-content\/uploads\/2024\/12\/image-1.png","contentUrl":"https:\/\/krmainbiodiverziteta.holstein.si\/wp-content\/uploads\/2024\/12\/image-1.png"},{"@type":"BreadcrumbList","@id":"https:\/\/dobrobit-govedi.holstein.si\/index.php\/rezultati\/#breadcrumb","itemListElement":[{"@type":"ListItem","position":1,"name":"Home","item":"https:\/\/dobrobit-govedi.holstein.si\/"},{"@type":"ListItem","position":2,"name":"REZULTATI"}]},{"@type":"WebSite","@id":"https:\/\/dobrobit-govedi.holstein.si\/#website","url":"https:\/\/dobrobit-govedi.holstein.si\/","name":"Dobrobit, toplogredni plini in krma za \u017eivali","description":"","potentialAction":[{"@type":"SearchAction","target":{"@type":"EntryPoint","urlTemplate":"https:\/\/dobrobit-govedi.holstein.si\/?s={search_term_string}"},"query-input":{"@type":"PropertyValueSpecification","valueRequired":true,"valueName":"search_term_string"}}],"inLanguage":"en-US"}]}},"_links":{"self":[{"href":"https:\/\/dobrobit-govedi.holstein.si\/index.php\/wp-json\/wp\/v2\/pages\/41","targetHints":{"allow":["GET"]}}],"collection":[{"href":"https:\/\/dobrobit-govedi.holstein.si\/index.php\/wp-json\/wp\/v2\/pages"}],"about":[{"href":"https:\/\/dobrobit-govedi.holstein.si\/index.php\/wp-json\/wp\/v2\/types\/page"}],"author":[{"embeddable":true,"href":"https:\/\/dobrobit-govedi.holstein.si\/index.php\/wp-json\/wp\/v2\/users\/1"}],"replies":[{"embeddable":true,"href":"https:\/\/dobrobit-govedi.holstein.si\/index.php\/wp-json\/wp\/v2\/comments?post=41"}],"version-history":[{"count":13,"href":"https:\/\/dobrobit-govedi.holstein.si\/index.php\/wp-json\/wp\/v2\/pages\/41\/revisions"}],"predecessor-version":[{"id":108,"href":"https:\/\/dobrobit-govedi.holstein.si\/index.php\/wp-json\/wp\/v2\/pages\/41\/revisions\/108"}],"wp:attachment":[{"href":"https:\/\/dobrobit-govedi.holstein.si\/index.php\/wp-json\/wp\/v2\/media?parent=41"}],"curies":[{"name":"wp","href":"https:\/\/api.w.org\/{rel}","templated":true}]}}